{"id":64498,"date":"2024-09-20T13:27:26","date_gmt":"2024-09-20T12:27:26","guid":{"rendered":"https:\/\/www.buff.se\/?page_id=64498"},"modified":"2026-01-09T09:27:45","modified_gmt":"2026-01-09T08:27:45","slug":"about-buff-2","status":"publish","type":"page","link":"https:\/\/www.buff.se\/en\/about-buff-2\/","title":{"rendered":"About BUFF Malm\u00f6 Film Festival"},"content":{"rendered":"\n<div class=\"wp-block-columns is-layout-flex wp-container-core-columns-is-layout-9d6595d7 wp-block-columns-is-layout-flex\">\n<div class=\"wp-block-column is-layout-flow wp-block-column-is-layout-flow\" style=\"flex-basis:66.66%\">\n<figure class=\"wp-block-image alignwide size-large\"><img loading=\"lazy\" decoding=\"async\" width=\"1024\" height=\"576\" src=\"https:\/\/www.buff.se\/wp-content\/uploads\/2024\/01\/BUFF2024_healer-1-1024x576.jpg\" alt=\"\" class=\"wp-image-58500\" srcset=\"https:\/\/www.buff.se\/wp-content\/uploads\/2024\/01\/BUFF2024_healer-1-1024x576.jpg 1024w, https:\/\/www.buff.se\/wp-content\/uploads\/2024\/01\/BUFF2024_healer-1-350x197.jpg 350w, https:\/\/www.buff.se\/wp-content\/uploads\/2024\/01\/BUFF2024_healer-1-768x432.jpg 768w, https:\/\/www.buff.se\/wp-content\/uploads\/2024\/01\/BUFF2024_healer-1-300x169.jpg 300w, https:\/\/www.buff.se\/wp-content\/uploads\/2024\/01\/BUFF2024_healer-1.jpg 1500w\" sizes=\"auto, (max-width: 1024px) 100vw, 1024px\" \/><\/figure>\n<\/div>\n\n\n\n<div class=\"wp-block-column is-layout-flow wp-block-column-is-layout-flow\" style=\"flex-basis:33.33%\"><\/div>\n<\/div>\n\n\n\n<div style=\"height:40px\" aria-hidden=\"true\" class=\"wp-block-spacer\"><\/div>\n\n\n\n<h3 class=\"wp-block-heading\">BUFF Malm\u00f6 Film Festival is an international children&#8217;s and youth film festival, held annually in March. Since 1984, BUFF has been the most important screening window for films for children and young people in the Nordics.<\/h3>\n\n\n\n<div style=\"height:40px\" aria-hidden=\"true\" class=\"wp-block-spacer\"><\/div>\n\n\n\n<blockquote class=\"wp-block-quote is-layout-flow wp-block-quote-is-layout-flow\">\n<p>&nbsp;&#8211; A BUFF film is told from the perspective of children or young people. Films that are 100% BUFF take their young audience seriously and make them want to return to the cinema again and again.<br \/>&#8211; Daniel Lundquist, head of programming<\/p>\n<\/blockquote>\n\n\n\n<div style=\"height:50px\" aria-hidden=\"true\" class=\"wp-block-spacer\"><\/div>\n\n\n\n<h3 class=\"wp-block-heading\">The party of the year for cineasts<\/h3>\n\n\n\n<p>BUFF is a film festival that suits everyone. Someone gets their very first cinema experience at BUFF. Someone shows their first feature film to a critical audience of children. Someone else gets inspired to tell stories with moving images themselves.<\/p>\n\n\n\n<p>BUFF Film Festival brings the latest films from all over the world to Malm\u00f6 &#8211; films that might otherwise never be screened in Sweden. BUFF strives to be the party of the year for both young and old cineasts and to give the audience a cinematic experience that makes them return to the cinema again and again.<\/p>\n\n\n\n<p>During the festival, prizes are awarded in several categories. Read more about our awards and competitions <a href=\"https:\/\/www.buff.se\/en\/festival\/awards\/\">here<\/a>.<\/p>\n\n\n\n<div style=\"height:50px\" aria-hidden=\"true\" class=\"wp-block-spacer\"><\/div>\n\n\n\n<h3 class=\"wp-block-heading\">A meeting place<\/h3>\n\n\n\n<p>BUFF Film Festival is a meeting place for professionals who work with films for a young audience. Raising the voice for films aimed at a young audience is important in many aspects. BUFF wants to be an arena where we raise questions about access to good films for children and young people and the necessity of creating good conditions for the production, distribution and screening of films for a young audience.<\/p>\n\n\n\n\n\n\n\n<div style=\"height:20px\" aria-hidden=\"true\" class=\"wp-block-spacer\"><\/div>\n\n\n    <div class=\"special-content narrow \">\n                <h3>Film criteria<\/h3>\n                <div class=\"content\"><p><!-- wp:paragraph --><\/p>\n<p><!-- wp:paragraph --><\/p>\n<p>What kind of films are screened at BUFF and how is the selection made? According to the following criteria, we work to put together the world&#8217;s best film programme for a young audience.<\/p>\n<p><!-- \/wp:paragraph --><\/p>\n<p><strong>\u00a0<\/strong><\/p>\n<p><!-- \/wp:paragraph --> <!-- wp:list --><\/p>\n<ul>\n<li><span style=\"font-weight: 400\">BUFF screens films told from the perspective of children or young people.<\/span><\/li>\n<li><span style=\"font-weight: 400\">BUFF screens films that make you want to return to the cinema.<\/span><\/li>\n<li><span style=\"font-weight: 400\">BUFF screens films that complement the existing film selection and broaden children&#8217;s and young people&#8217;s image of what film is \u2013 films that avoid clich\u00e9s and predictability.<\/span><\/li>\n<li><span style=\"font-weight: 400\">BUFF strives for a wide span in the programme \u2013 a mix of light and heavy, funny and sad, fantasy and realism.<\/span><\/li>\n<li><span style=\"font-weight: 400\">BUFF screens films that create recognition, but also understanding of things that are far from one&#8217;s own everyday life.<\/span><\/li>\n<li><span style=\"font-weight: 400\">BUFF strives for an even gender distribution, both in terms of representation in front of and behind the camera.<\/span><\/li>\n<li><span style=\"font-weight: 400\">BUFF strives for that children and young people of all ages, from preschool children up to high school age, should be represented in the festival&#8217;s films.<\/span><\/li>\n<\/ul>\n<p><!-- \/wp:list --><\/p>\n<\/div>\n            <\/div>\n    \n\n\n<div style=\"height:20px\" aria-hidden=\"true\" class=\"wp-block-spacer\"><\/div>\n\n\n\n<div style=\"height:50px\" aria-hidden=\"true\" class=\"wp-block-spacer\"><\/div>\n\n\n\n<h3 class=\"wp-block-heading\">Film selection<\/h3>\n\n\n\n<p>In order to find the world&#8217;s best films for a young audience, we continuously visit various film festivals and markets, and keep ourselves constantly updated through contacts with distributors and producers. Each year, more and more films are submitted to the festival via our website. To make the selection of films for BUFF, the festival has put together two film groups: a feature film group and a short film group. Before each festival, BUFF&#8217;s film groups look through nearly 1,000 films.<\/p>\n\n\n\n<div style=\"height:50px\" aria-hidden=\"true\" class=\"wp-block-spacer\"><\/div>\n\n\n\n<h3 class=\"wp-block-heading\">Film groups<\/h3>\n\n\n\n<p>Feature film: Khaeta Chittick, Tara Fouladi, Julia Granath, Claudia Gutierrez, M\u00e5ns Leonartsson, Tony Martelius \u00c5gren, Mikael Matteson, Leandro Netzell C\u00e9ron, Daniel Lundquist.<\/p>\n\n\n\n<p>Short film: Lina Birk, Tim Chronstr\u00f6m, Fortuna Cirillo, Prisha Dubey, Rebecka Ingalillsdotter, Joanne Lamming, Mikaela Macfie Almberg, Valentina Stankovic, Julia Ubilla Falzon, Moa \u00d6hman, Daniel Lundquist.<\/p>\n\n\n\n<div style=\"height:50px\" aria-hidden=\"true\" class=\"wp-block-spacer\"><\/div>\n\n\n\n<h3 class=\"wp-block-heading\">Film distribution<\/h3>\n\n\n\n<p>As part of our mission to broaden the diversity of excellent film for children and young people, we are distributing some of the best films screened at the festival \u2013 both as school cinemas and open screenings.<\/p>\n\n\n\n<p>Read more about our films <a href=\"https:\/\/www.buff.se\/en\/tuff-filmdistribution\/\">here<\/a>.<\/p>\n\n\n\n<div style=\"height:50px\" aria-hidden=\"true\" class=\"wp-block-spacer\"><\/div>\n\n\n\n<h3 class=\"wp-block-heading\">Non-profit association since 1984<\/h3>\n\n\n\n<p>Board: Mikael Mattesson (chairman of the board), Birgitta Killander, David Wramneby, Rolf Isaksson och Helene Mohlin.<\/p>\n\n\n\n<div style=\"height:50px\" aria-hidden=\"true\" class=\"wp-block-spacer\"><\/div>\n\n\n\n<h3 class=\"wp-block-heading\">Awards<\/h3>\n\n\n\n<p>After more than 40 years, BUFF is an established phenomenon in Malm\u00f6, Sweden and in the film festival world. At the Guldbaggegala in January 2018, BUFF was awarded the Gullspiran honorary award for its work with children&#8217;s and youth films with the following justification:<\/p>\n\n\n\n<p>&#8220;The Gullspiran honorary award goes to an organization that, year after year, has worked to strengthen young people&#8217;s identity with the help of the film. Through film screenings and seminars, they have made visible the importance of quality film and clearly demonstrated the importance of film&#8217;s power for children and young people. Gullspiran 2017 is awarded to the BUFF Film Festival.\u201d<\/p>\n\n\n\n<p>Back in 1992, BUFF received a Guldbagge for creative efforts for enthusiastic work in spreading good films for children and young people. In the same year, BUFF received the N\u00f6jesguiden&#8217;s award &#8220;Malm\u00f6&#8217;s Spreader of Joy&#8221;.<\/p>\n\n\n\n<div style=\"height:50px\" aria-hidden=\"true\" class=\"wp-block-spacer\"><\/div>\n\n\n\n<h3 class=\"wp-block-heading\">Become a member<\/h3>\n\n\n\n<p>Take the chance to meet other film enthusiasts and follow along in the activities all year round. Do you want to become a member and help develop the festival of the future?<\/p>\n\n\n\n<p>Email julia@buff.se for more info.<\/p>\n\n\n\n<div style=\"height:50px\" aria-hidden=\"true\" class=\"wp-block-spacer\"><\/div>\n\n\n\n<h3 class=\"wp-block-heading\">Year around<\/h3>\n\n\n\n<p>During the year, BUFF works to spread the festival to more locations around Sweden. Through BUFF in Sweden, festival films were shown on tour. Since 2017 BUFF is also a distributor of films for a young audience. BUFF also runs a film in hospital project, <a href=\"https:\/\/filminhospital.eu\/\">Buffilusk<\/a>, which brings BUFF&#8217;s film selection to hospitalized children in Sweden through a digital platform. Since 2023, BUFF has been organizing National Film Week, a film week with the aim to get the whole of Sweden to strike a blow for film for a young audience.<\/p>\n\n\n\n<div style=\"height:20px\" aria-hidden=\"true\" class=\"wp-block-spacer\"><\/div>\n","protected":false},"excerpt":{"rendered":"<p>BUFF Malm\u00f6 Film Festival is an international children&#8217;s and youth film festival, held annually in March. Since 1984, BUFF has been the most important screening window for films for children and young people in the Nordics. &nbsp;&#8211; A BUFF film is told from the perspective of children or young people. Films that are 100% BUFF [&hellip;]<\/p>\n","protected":false},"author":2,"featured_media":35039,"parent":0,"menu_order":117,"comment_status":"open","ping_status":"closed","template":"","meta":{"_acf_changed":false,"inline_featured_image":false,"footnotes":""},"class_list":["post-64498","page","type-page","status-publish","has-post-thumbnail","hentry"],"acf":[],"yoast_head":"<!-- This site is optimized with the Yoast SEO plugin v27.2 - https:\/\/yoast.com\/product\/yoast-seo-wordpress\/ -->\n<title>About BUFF Malm\u00f6 Film Festival - BUFF Malm\u00f6<\/title>\n<meta name=\"robots\" content=\"index, follow, max-snippet:-1, max-image-preview:large, max-video-preview:-1\" \/>\n<link rel=\"canonical\" href=\"https:\/\/www.buff.se\/en\/about-buff-2\/\" \/>\n<meta property=\"og:locale\" content=\"en_US\" \/>\n<meta property=\"og:type\" content=\"article\" \/>\n<meta property=\"og:title\" content=\"About BUFF Malm\u00f6 Film Festival - BUFF Malm\u00f6\" \/>\n<meta property=\"og:description\" content=\"BUFF Malm\u00f6 Film Festival is an international children&#8217;s and youth film festival, held annually in March. Since 1984, BUFF has been the most important screening window for films for children and young people in the Nordics. &nbsp;&#8211; A BUFF film is told from the perspective of children or young people. Films that are 100% BUFF [&hellip;]\" \/>\n<meta property=\"og:url\" content=\"https:\/\/www.buff.se\/en\/about-buff-2\/\" \/>\n<meta property=\"og:site_name\" content=\"BUFF Malm\u00f6\" \/>\n<meta property=\"article:publisher\" content=\"https:\/\/www.facebook.com\/buff.festival\/\" \/>\n<meta property=\"article:modified_time\" content=\"2026-01-09T08:27:45+00:00\" \/>\n<meta property=\"og:image\" content=\"https:\/\/www.buff.se\/wp-content\/uploads\/2021\/02\/MELLAN-HIMMEL-OCH-HELVETE_BUFF2021.png\" \/>\n\t<meta property=\"og:image:width\" content=\"1278\" \/>\n\t<meta property=\"og:image:height\" content=\"736\" \/>\n\t<meta property=\"og:image:type\" content=\"image\/png\" \/>\n<meta name=\"twitter:card\" content=\"summary_large_image\" \/>\n<meta name=\"twitter:site\" content=\"@BUFF_Malmo\" \/>\n<meta name=\"twitter:label1\" content=\"Est. reading time\" \/>\n\t<meta name=\"twitter:data1\" content=\"4 minutes\" \/>\n<script type=\"application\/ld+json\" class=\"yoast-schema-graph\">{\"@context\":\"https:\/\/schema.org\",\"@graph\":[{\"@type\":\"WebPage\",\"@id\":\"https:\/\/www.buff.se\/en\/about-buff-2\/\",\"url\":\"https:\/\/www.buff.se\/en\/about-buff-2\/\",\"name\":\"About BUFF Malm\u00f6 Film Festival - BUFF Malm\u00f6\",\"isPartOf\":{\"@id\":\"https:\/\/makesmefeel.com\/demo\/#website\"},\"primaryImageOfPage\":{\"@id\":\"https:\/\/www.buff.se\/en\/about-buff-2\/#primaryimage\"},\"image\":{\"@id\":\"https:\/\/www.buff.se\/en\/about-buff-2\/#primaryimage\"},\"thumbnailUrl\":\"https:\/\/www.buff.se\/wp-content\/uploads\/2021\/02\/MELLAN-HIMMEL-OCH-HELVETE_BUFF2021.png\",\"datePublished\":\"2024-09-20T12:27:26+00:00\",\"dateModified\":\"2026-01-09T08:27:45+00:00\",\"breadcrumb\":{\"@id\":\"https:\/\/www.buff.se\/en\/about-buff-2\/#breadcrumb\"},\"inLanguage\":\"en-US\",\"potentialAction\":[{\"@type\":\"ReadAction\",\"target\":[\"https:\/\/www.buff.se\/en\/about-buff-2\/\"]}]},{\"@type\":\"ImageObject\",\"inLanguage\":\"en-US\",\"@id\":\"https:\/\/www.buff.se\/en\/about-buff-2\/#primaryimage\",\"url\":\"https:\/\/www.buff.se\/wp-content\/uploads\/2021\/02\/MELLAN-HIMMEL-OCH-HELVETE_BUFF2021.png\",\"contentUrl\":\"https:\/\/www.buff.se\/wp-content\/uploads\/2021\/02\/MELLAN-HIMMEL-OCH-HELVETE_BUFF2021.png\",\"width\":1278,\"height\":736},{\"@type\":\"BreadcrumbList\",\"@id\":\"https:\/\/www.buff.se\/en\/about-buff-2\/#breadcrumb\",\"itemListElement\":[{\"@type\":\"ListItem\",\"position\":1,\"name\":\"Hem\",\"item\":\"https:\/\/www.buff.se\/en\/\"},{\"@type\":\"ListItem\",\"position\":2,\"name\":\"About BUFF Malm\u00f6 Film Festival\"}]},{\"@type\":\"WebSite\",\"@id\":\"https:\/\/makesmefeel.com\/demo\/#website\",\"url\":\"https:\/\/makesmefeel.com\/demo\/\",\"name\":\"BUFF Malm\u00f6\",\"description\":\"Barn- och ungdomsfilmfestival\",\"publisher\":{\"@id\":\"https:\/\/makesmefeel.com\/demo\/#organization\"},\"potentialAction\":[{\"@type\":\"SearchAction\",\"target\":{\"@type\":\"EntryPoint\",\"urlTemplate\":\"https:\/\/makesmefeel.com\/demo\/?s={search_term_string}\"},\"query-input\":{\"@type\":\"PropertyValueSpecification\",\"valueRequired\":true,\"valueName\":\"search_term_string\"}}],\"inLanguage\":\"en-US\"},{\"@type\":\"Organization\",\"@id\":\"https:\/\/makesmefeel.com\/demo\/#organization\",\"name\":\"BUFF Malm\u00f6\",\"url\":\"https:\/\/makesmefeel.com\/demo\/\",\"logo\":{\"@type\":\"ImageObject\",\"inLanguage\":\"en-US\",\"@id\":\"https:\/\/makesmefeel.com\/demo\/#\/schema\/logo\/image\/\",\"url\":\"https:\/\/www.buff.se\/wp-content\/uploads\/2021\/10\/buff-logo.svg\",\"contentUrl\":\"https:\/\/www.buff.se\/wp-content\/uploads\/2021\/10\/buff-logo.svg\",\"caption\":\"BUFF Malm\u00f6\"},\"image\":{\"@id\":\"https:\/\/makesmefeel.com\/demo\/#\/schema\/logo\/image\/\"},\"sameAs\":[\"https:\/\/www.facebook.com\/buff.festival\/\",\"https:\/\/x.com\/BUFF_Malmo\",\"https:\/\/www.instagram.com\/buff_malmo\/\"]}]}<\/script>\n<!-- \/ Yoast SEO plugin. -->","yoast_head_json":{"title":"About BUFF Malm\u00f6 Film Festival - BUFF Malm\u00f6","robots":{"index":"index","follow":"follow","max-snippet":"max-snippet:-1","max-image-preview":"max-image-preview:large","max-video-preview":"max-video-preview:-1"},"canonical":"https:\/\/www.buff.se\/en\/about-buff-2\/","og_locale":"en_US","og_type":"article","og_title":"About BUFF Malm\u00f6 Film Festival - BUFF Malm\u00f6","og_description":"BUFF Malm\u00f6 Film Festival is an international children&#8217;s and youth film festival, held annually in March. Since 1984, BUFF has been the most important screening window for films for children and young people in the Nordics. &nbsp;&#8211; A BUFF film is told from the perspective of children or young people. Films that are 100% BUFF [&hellip;]","og_url":"https:\/\/www.buff.se\/en\/about-buff-2\/","og_site_name":"BUFF Malm\u00f6","article_publisher":"https:\/\/www.facebook.com\/buff.festival\/","article_modified_time":"2026-01-09T08:27:45+00:00","og_image":[{"width":1278,"height":736,"url":"https:\/\/www.buff.se\/wp-content\/uploads\/2021\/02\/MELLAN-HIMMEL-OCH-HELVETE_BUFF2021.png","type":"image\/png"}],"twitter_card":"summary_large_image","twitter_site":"@BUFF_Malmo","twitter_misc":{"Est. reading time":"4 minutes"},"schema":{"@context":"https:\/\/schema.org","@graph":[{"@type":"WebPage","@id":"https:\/\/www.buff.se\/en\/about-buff-2\/","url":"https:\/\/www.buff.se\/en\/about-buff-2\/","name":"About BUFF Malm\u00f6 Film Festival - BUFF Malm\u00f6","isPartOf":{"@id":"https:\/\/makesmefeel.com\/demo\/#website"},"primaryImageOfPage":{"@id":"https:\/\/www.buff.se\/en\/about-buff-2\/#primaryimage"},"image":{"@id":"https:\/\/www.buff.se\/en\/about-buff-2\/#primaryimage"},"thumbnailUrl":"https:\/\/www.buff.se\/wp-content\/uploads\/2021\/02\/MELLAN-HIMMEL-OCH-HELVETE_BUFF2021.png","datePublished":"2024-09-20T12:27:26+00:00","dateModified":"2026-01-09T08:27:45+00:00","breadcrumb":{"@id":"https:\/\/www.buff.se\/en\/about-buff-2\/#breadcrumb"},"inLanguage":"en-US","potentialAction":[{"@type":"ReadAction","target":["https:\/\/www.buff.se\/en\/about-buff-2\/"]}]},{"@type":"ImageObject","inLanguage":"en-US","@id":"https:\/\/www.buff.se\/en\/about-buff-2\/#primaryimage","url":"https:\/\/www.buff.se\/wp-content\/uploads\/2021\/02\/MELLAN-HIMMEL-OCH-HELVETE_BUFF2021.png","contentUrl":"https:\/\/www.buff.se\/wp-content\/uploads\/2021\/02\/MELLAN-HIMMEL-OCH-HELVETE_BUFF2021.png","width":1278,"height":736},{"@type":"BreadcrumbList","@id":"https:\/\/www.buff.se\/en\/about-buff-2\/#breadcrumb","itemListElement":[{"@type":"ListItem","position":1,"name":"Hem","item":"https:\/\/www.buff.se\/en\/"},{"@type":"ListItem","position":2,"name":"About BUFF Malm\u00f6 Film Festival"}]},{"@type":"WebSite","@id":"https:\/\/makesmefeel.com\/demo\/#website","url":"https:\/\/makesmefeel.com\/demo\/","name":"BUFF Malm\u00f6","description":"Barn- och ungdomsfilmfestival","publisher":{"@id":"https:\/\/makesmefeel.com\/demo\/#organization"},"potentialAction":[{"@type":"SearchAction","target":{"@type":"EntryPoint","urlTemplate":"https:\/\/makesmefeel.com\/demo\/?s={search_term_string}"},"query-input":{"@type":"PropertyValueSpecification","valueRequired":true,"valueName":"search_term_string"}}],"inLanguage":"en-US"},{"@type":"Organization","@id":"https:\/\/makesmefeel.com\/demo\/#organization","name":"BUFF Malm\u00f6","url":"https:\/\/makesmefeel.com\/demo\/","logo":{"@type":"ImageObject","inLanguage":"en-US","@id":"https:\/\/makesmefeel.com\/demo\/#\/schema\/logo\/image\/","url":"https:\/\/www.buff.se\/wp-content\/uploads\/2021\/10\/buff-logo.svg","contentUrl":"https:\/\/www.buff.se\/wp-content\/uploads\/2021\/10\/buff-logo.svg","caption":"BUFF Malm\u00f6"},"image":{"@id":"https:\/\/makesmefeel.com\/demo\/#\/schema\/logo\/image\/"},"sameAs":["https:\/\/www.facebook.com\/buff.festival\/","https:\/\/x.com\/BUFF_Malmo","https:\/\/www.instagram.com\/buff_malmo\/"]}]}},"_links":{"self":[{"href":"https:\/\/www.buff.se\/en\/wp-json\/wp\/v2\/pages\/64498","targetHints":{"allow":["GET"]}}],"collection":[{"href":"https:\/\/www.buff.se\/en\/wp-json\/wp\/v2\/pages"}],"about":[{"href":"https:\/\/www.buff.se\/en\/wp-json\/wp\/v2\/types\/page"}],"author":[{"embeddable":true,"href":"https:\/\/www.buff.se\/en\/wp-json\/wp\/v2\/users\/2"}],"replies":[{"embeddable":true,"href":"https:\/\/www.buff.se\/en\/wp-json\/wp\/v2\/comments?post=64498"}],"version-history":[{"count":12,"href":"https:\/\/www.buff.se\/en\/wp-json\/wp\/v2\/pages\/64498\/revisions"}],"predecessor-version":[{"id":70331,"href":"https:\/\/www.buff.se\/en\/wp-json\/wp\/v2\/pages\/64498\/revisions\/70331"}],"wp:featuredmedia":[{"embeddable":true,"href":"https:\/\/www.buff.se\/en\/wp-json\/wp\/v2\/media\/35039"}],"wp:attachment":[{"href":"https:\/\/www.buff.se\/en\/wp-json\/wp\/v2\/media?parent=64498"}],"curies":[{"name":"wp","href":"https:\/\/api.w.org\/{rel}","templated":true}]}}